{"id":20702,"date":"2017-04-30T23:30:27","date_gmt":"2017-04-30T20:30:27","guid":{"rendered":"http:\/\/wlcu.com\/ng\/?page_id=20702"},"modified":"2017-05-01T02:06:40","modified_gmt":"2017-04-30T23:06:40","slug":"wlcu-periodical-cedar-leaf","status":"publish","type":"page","link":"https:\/\/wlcu.world\/ng\/press-releases\/wlcu-periodical-cedar-leaf\/","title":{"rendered":"WLCU Periodical &#8211; Cedar Leaf"},"content":{"rendered":"<h2>Cedar Leaf \u2013 \ufffc\ufffc\ufffc\ufffc\ufffc\ufffc\ufffc\ufffc\ufffc\ufffc\ufffc\ufffc\ufffcHoja de Cedro \u2013 Feuille de C\u00e8dre \u2013 Folha de Cedro<\/h2>\n<p><strong><a href=\"\/ng\/press-releases\/wlcu-periodical-cedar-leaf\/cedar-leaf-2009-10\/\">2009-10<\/a>&nbsp;<\/strong><a href=\"\/ng\/press-releases\/wlcu-periodical-cedar-leaf\/cedar-leaf-2009-10\/cedar-leaf-2009-10-english\/\">English<\/a>&nbsp;<a href=\"\/ng\/press-releases\/wlcu-periodical-cedar-leaf\/cedar-leaf-2009-10\/cedar-leaf-2009-10-espanol-2\/\">Espa\u00f1ol<\/a>&nbsp;<\/p>\n<p><strong><a href=\"\/ng\/press-releases\/wlcu-periodical-cedar-leaf\/cedar-leaf-2017-02\/\">2017-02<\/a>&nbsp;<\/strong><a href=\"\/ng\/press-releases\/wlcu-periodical-cedar-leaf\/cedar-leaf-2017-02\/cedar-leaf-2017-02-english\/\">English<\/a><\/p>\n<p><strong><a href=\"\/ng\/press-releases\/wlcu-periodical-cedar-leaf\/cedar-leaf-2017-03\/\">2017-03<\/a>&nbsp;<\/strong><a href=\"\/ng\/press-releases\/wlcu-periodical-cedar-leaf\/cedar-leaf-2017-03\/cedar-leaf-2017-03-chino\/\">Chino<\/a><strong>&nbsp;<\/strong><a href=\"\/ng\/press-releases\/wlcu-periodical-cedar-leaf\/cedar-leaf-2017-03\/cedar-leaf-2017-03-english\/\">English<\/a>&nbsp;<a href=\"\/ng\/press-releases\/wlcu-periodical-cedar-leaf\/cedar-leaf-2017-03\/cedar-leaf-2017-03-espanol\/\">Espa\u00f1ol<\/a>&nbsp;<a href=\"\/ng\/press-releases\/wlcu-periodical-cedar-leaf\/cedar-leaf-2017-03\/cedar-leaf-2017-03-francais\/\">Fran\u00e7ais<\/a>&nbsp;<a href=\"\/ng\/press-releases\/wlcu-periodical-cedar-leaf\/cedar-leaf-2017-03\/cedar-leaf-2017-03-portugues\/\">Portugu\u00eas<\/a><\/p>\n<p><strong><a href=\"\/ng\/press-releases\/wlcu-periodical-cedar-leaf\/cedar-leaf-2017-04\/\">2017-04<\/a>&nbsp;<\/strong><a href=\"\/ng\/press-releases\/wlcu-periodical-cedar-leaf\/cedar-leaf-2017-04\/cedar-leaf-2017-04-chino\/\">Chino<\/a><strong>&nbsp;<\/strong><a href=\"\/ng\/press-releases\/wlcu-periodical-cedar-leaf\/cedar-leaf-2017-04\/cedar-leaf-2017-04-english\/\">English<\/a>&nbsp;<a href=\"\/ng\/press-releases\/wlcu-periodical-cedar-leaf\/cedar-leaf-2017-04\/cedar-leaf-2017-04-espanol\/\">Espa\u00f1ol<\/a>&nbsp;<a href=\"\/ng\/press-releases\/wlcu-periodical-cedar-leaf\/cedar-leaf-2017-04\/cedar-leaf-2017-04-francais\/\">Fran\u00e7ais<\/a>&nbsp;<a href=\"\/ng\/press-releases\/wlcu-periodical-cedar-leaf\/cedar-leaf-2017-04\/cedar-leaf-2017-04-portugues\/\">Portugu\u00eas<\/a><\/p>\n<p><a href=\"\/ng\/press-releases\/wlcu-periodical-cedar-leaf\/cedar-leaf-2017-05\/\"><strong>2017-05<\/strong><\/a>&nbsp;<a href=\"\/ng\/press-releases\/wlcu-periodical-cedar-leaf\/cedar-leaf-2017-05\/cedar-leaf-2017-05-chino\/\">Chino<\/a>&nbsp;<a href=\"\/ng\/press-releases\/wlcu-periodical-cedar-leaf\/cedar-leaf-2017-05\/cedar-leaf-2017-05-english\/\">English<\/a>&nbsp;<a href=\"\/ng\/press-releases\/wlcu-periodical-cedar-leaf\/cedar-leaf-2017-05\/cedar-leaf-2017-05-espanol\/\">Espa\u00f1ol<\/a>&nbsp;<a href=\"\/ng\/press-releases\/wlcu-periodical-cedar-leaf\/cedar-leaf-2017-05\/cedar-leaf-2017-05-francais\/\">Fran\u00e7ais<\/a>&nbsp;<a href=\"\/ng\/press-releases\/wlcu-periodical-cedar-leaf\/cedar-leaf-2017-05\/cedar-leaf-2017-05-portugues\/\">Portugu\u00eas<\/a><\/p>\n<p>&nbsp;<\/p>\n","protected":false},"excerpt":{"rendered":"<p>Cedar Leaf \u2013 \ufffc\ufffc\ufffc\ufffc\ufffc\ufffc\ufffc\ufffc\ufffc\ufffc\ufffc\ufffc\ufffcHoja de Cedro \u2013 Feuille de C\u00e8dre \u2013 Folha de Cedro 2009-10&nbsp;English&nbsp;Espa\u00f1ol&nbsp; 2017-02&nbsp;English 2017-03&nbsp;Chino&nbsp;English&nbsp;Espa\u00f1ol&nbsp;Fran\u00e7ais&nbsp;Portugu\u00eas 2017-04&nbsp;Chino&nbsp;English&nbsp;Espa\u00f1ol&nbsp;Fran\u00e7ais&nbsp;Portugu\u00eas 2017-05&nbsp;Chino&nbsp;English&nbsp;Espa\u00f1ol&nbsp;Fran\u00e7ais&nbsp;Portugu\u00eas &nbsp;<\/p>\n","protected":false},"author":1,"featured_media":0,"parent":6797,"menu_order":0,"comment_status":"closed","ping_status":"closed","template":"","meta":{"ngg_post_thumbnail":0,"_mc_calendar":[],"footnotes":""},"class_list":["post-20702","page","type-page","status-publish","hentry"],"jetpack_sharing_enabled":true,"_links":{"self":[{"href":"https:\/\/wlcu.world\/ng\/wp-json\/wp\/v2\/pages\/20702","targetHints":{"allow":["GET"]}}],"collection":[{"href":"https:\/\/wlcu.world\/ng\/wp-json\/wp\/v2\/pages"}],"about":[{"href":"https:\/\/wlcu.world\/ng\/wp-json\/wp\/v2\/types\/page"}],"author":[{"embeddable":true,"href":"https:\/\/wlcu.world\/ng\/wp-json\/wp\/v2\/users\/1"}],"replies":[{"embeddable":true,"href":"https:\/\/wlcu.world\/ng\/wp-json\/wp\/v2\/comments?post=20702"}],"version-history":[{"count":15,"href":"https:\/\/wlcu.world\/ng\/wp-json\/wp\/v2\/pages\/20702\/revisions"}],"predecessor-version":[{"id":20826,"href":"https:\/\/wlcu.world\/ng\/wp-json\/wp\/v2\/pages\/20702\/revisions\/20826"}],"up":[{"embeddable":true,"href":"https:\/\/wlcu.world\/ng\/wp-json\/wp\/v2\/pages\/6797"}],"wp:attachment":[{"href":"https:\/\/wlcu.world\/ng\/wp-json\/wp\/v2\/media?parent=20702"}],"curies":[{"name":"wp","href":"https:\/\/api.w.org\/{rel}","templated":true}]}}