{"id":20747,"date":"2017-04-30T23:52:05","date_gmt":"2017-04-30T20:52:05","guid":{"rendered":"http:\/\/wlcu.com\/ng\/?page_id=20747"},"modified":"2017-05-01T01:55:38","modified_gmt":"2017-04-30T22:55:38","slug":"cedar-leaf-2017-04","status":"publish","type":"page","link":"https:\/\/wlcu.world\/ng\/press-releases\/wlcu-periodical-cedar-leaf\/cedar-leaf-2017-04\/","title":{"rendered":"Cedar Leaf &#8211; \ufffc\ufffc\ufffc\ufffc\ufffc\ufffc\ufffc\ufffc\ufffc\ufffc\ufffc\ufffc\ufffcHoja de Cedro &#8211; Feuille de C\u00e8dre &#8211; Folha de Cedro &#8211; 2017-04"},"content":{"rendered":"<p><a href=\"\/ng\/press-releases\/wlcu-periodical-cedar-leaf\/cedar-leaf-2017-04\/cedar-leaf-2017-04-espanol\/\">Espa\u00f1ol<\/a><br \/>\n<a href=\"\/ng\/press-releases\/wlcu-periodical-cedar-leaf\/cedar-leaf-2017-04\/cedar-leaf-2017-04-english\/\">English<\/a><br \/>\n<a href=\"\/ng\/press-releases\/wlcu-periodical-cedar-leaf\/cedar-leaf-2017-04\/cedar-leaf-2017-04-chino\/\">Chino<\/a><br \/>\n<a href=\"\/ng\/press-releases\/wlcu-periodical-cedar-leaf\/cedar-leaf-2017-04\/cedar-leaf-2017-04-francais\/\">Fran\u00e7ais<\/a><br \/>\n<a href=\"\/ng\/press-releases\/wlcu-periodical-cedar-leaf\/cedar-leaf-2017-04\/cedar-leaf-2017-04-portugues\/\">Portugu\u00eas<\/a><\/p>\n","protected":false},"excerpt":{"rendered":"<p>Espa\u00f1ol English Chino Fran\u00e7ais Portugu\u00eas<\/p>\n","protected":false},"author":1,"featured_media":20814,"parent":20702,"menu_order":0,"comment_status":"closed","ping_status":"closed","template":"","meta":{"ngg_post_thumbnail":0,"_mc_calendar":[],"footnotes":""},"class_list":["post-20747","page","type-page","status-publish","has-post-thumbnail","hentry"],"jetpack_sharing_enabled":true,"_links":{"self":[{"href":"https:\/\/wlcu.world\/ng\/wp-json\/wp\/v2\/pages\/20747","targetHints":{"allow":["GET"]}}],"collection":[{"href":"https:\/\/wlcu.world\/ng\/wp-json\/wp\/v2\/pages"}],"about":[{"href":"https:\/\/wlcu.world\/ng\/wp-json\/wp\/v2\/types\/page"}],"author":[{"embeddable":true,"href":"https:\/\/wlcu.world\/ng\/wp-json\/wp\/v2\/users\/1"}],"replies":[{"embeddable":true,"href":"https:\/\/wlcu.world\/ng\/wp-json\/wp\/v2\/comments?post=20747"}],"version-history":[{"count":5,"href":"https:\/\/wlcu.world\/ng\/wp-json\/wp\/v2\/pages\/20747\/revisions"}],"predecessor-version":[{"id":20820,"href":"https:\/\/wlcu.world\/ng\/wp-json\/wp\/v2\/pages\/20747\/revisions\/20820"}],"up":[{"embeddable":true,"href":"https:\/\/wlcu.world\/ng\/wp-json\/wp\/v2\/pages\/20702"}],"wp:featuredmedia":[{"embeddable":true,"href":"https:\/\/wlcu.world\/ng\/wp-json\/wp\/v2\/media\/20814"}],"wp:attachment":[{"href":"https:\/\/wlcu.world\/ng\/wp-json\/wp\/v2\/media?parent=20747"}],"curies":[{"name":"wp","href":"https:\/\/api.w.org\/{rel}","templated":true}]}}