{"id":28270,"date":"2025-02-27T15:04:36","date_gmt":"2025-02-27T20:04:36","guid":{"rendered":"https:\/\/wlcu.world\/ng\/?page_id=28270"},"modified":"2025-02-28T18:43:20","modified_gmt":"2025-02-28T23:43:20","slug":"restore-lebanese-nationality","status":"publish","type":"page","link":"https:\/\/wlcu.world\/ng\/restore-lebanese-nationality\/","title":{"rendered":"Restore Lebanese Nationality"},"content":{"rendered":"<p>The <a href=\"https:\/\/wlcu.world\">WLCU<\/a> and The <a href=\"https:\/\/maronitefoundation.org\/MaroniteFoundation\/en\">Maronite foundation<\/a> have entered into a partnership to restore the Lebanese citizenship to the Lebanese diaspora throughout the world.<\/p>\n<p><a href=\"#English\">English<\/a> | <a href=\"#Espa\u00f1ol\">Espa\u00f1ol<\/a> | <a href=\"#Portugu\u00eas\">Portugu\u00eas<\/a><\/p>\n<p id=\"English\"><strong>Preserving Lebanese Heritage and Citizenship<\/strong><\/p>\n<p>We are proud to announce our partnership with the <strong>Maronite Foundation in the World<\/strong>, an organization dedicated to reconnecting the Lebanese diaspora with their roots. The Foundation plays a key role in assisting Lebanese emigrants in reclaiming their nationality.<\/p>\n<p>Our partnership with the <strong>Maronite Foundation in the World<\/strong> is built on a shared mission: preserving Lebanese heritage and strengthening ties between Lebanon and its global diaspora. By working together, we empower Lebanese descendants to reclaim their nationality and reconnect with their roots. This collaboration ensures a thriving, united, and culturally rich Lebanese community worldwide.<\/p>\n<p>&nbsp;<br \/>\n<strong>The Foundation\u2019s Mission<\/strong><\/p>\n<ul>\n<li><strong>Reacquisition of Lebanese Citizenship:<\/strong> Assisting Lebanese descendants in regaining their rightful nationality.<\/li>\n<li><strong>Civic Engagement:<\/strong> Encouraging political, cultural, economic, and social participation in Lebanon.<\/li>\n<li><strong>Heritage Preservation:<\/strong> Strengthening the connection between Lebanese emigrants and their homeland.<\/li>\n<\/ul>\n<p>&nbsp;<\/p>\n<p><strong>How to preserve your roots and your rights ?<\/strong><\/p>\n<p><strong><br \/>\nRegistering Vital Events<\/strong><\/p>\n<p>Registering births, marriages, and other vital events at <strong>Lebanese embassies and consulates<\/strong> ensures:<\/p>\n<ul>\n<li>Legal protection of your Lebanese nationality.<\/li>\n<li>Preservation of cultural and family heritage.<\/li>\n<li>Continued recognition of your rights in Lebanon.<\/li>\n<\/ul>\n<p>&nbsp;<\/p>\n<p><strong>Reclaiming Lebanese nationality <\/strong><\/p>\n<p>By reclaiming Lebanese nationality, individuals gain:<\/p>\n<ul>\n<li>The right to vote in Lebanese elections.<\/li>\n<li>The ability to own unlimited property in Lebanon.<\/li>\n<li>Investment and business opportunities in Lebanon.<\/li>\n<li>Access to free-trade market agreements between Lebanon and Arab countries.<\/li>\n<li>The right to inheritance and public administration service eligibility.<\/li>\n<\/ul>\n<p><strong>&nbsp;<\/strong><\/p>\n<p><strong>How to Reclaim Your Lebanese Citizenship<\/strong><\/p>\n<p>Under Law No. 41, ratified on November 24, 2015, Lebanese descendants can reclaim their nationality through a simple, <strong>free-of-charge<\/strong> process:&nbsp;<\/p>\n<ol>\n<li>Verify that one of your <strong>male ancestors<\/strong> was registered in the <strong>Census of 1921-1924 or 1932<\/strong> as a resident or emigrant.<\/li>\n<li>Provide proof of lineage through <strong>birth certificates<\/strong> and supporting documents.<\/li>\n<li>Fill out the application online at <a href=\"http:\/\/www.maronitefoundation.org\"><strong>www.maronitefoundation.org<\/strong><\/a><\/li>\n<li>Receive eligibility confirmation within <strong>two working days<\/strong>.<\/li>\n<\/ol>\n<p><em>The process takes approximately <strong>8 to 12 months<\/strong> to complete.<\/em><em>&nbsp;<\/em><\/p>\n<p><strong>Important Facts:<\/strong><\/p>\n<ul>\n<li>Lebanese nationality does not affect your other citizenships.<\/li>\n<li>There is <strong>no age limit<\/strong> for registering children.<\/li>\n<li>Lebanon <strong>no longer has compulsory military service<\/strong>.<\/li>\n<\/ul>\n<p><strong>Contact the Maronite Foundation<\/strong><\/p>\n<p>For more information or assistance with your citizenship application:<\/p>\n<ul>\n<li><strong>Website: <\/strong><a href=\"http:\/\/www.maronitefoundation.org\">www.maronitefoundation.org<\/a><\/li>\n<li><strong>Email:<\/strong> info@maronitefoundation.org<\/li>\n<li><strong>Phone:<\/strong> +961 1 443 999 (Lebanon) | +1 888 627 6866 (Toll-free USA)<\/li>\n<\/ul>\n<p><strong><em>This Maronite Foundation service is dedicated to all Lebanese descendants<\/em><\/strong><\/p>\n<p style=\"text-align: center;\">&#8212;&#8212;&#8212;&#8212;&#8212;&#8212;&#8212;&#8212;&#8212;&#8212;&#8212;&#8211;<\/p>\n<p id=\"Espa\u00f1ol\"><strong>Asociaci\u00f3n entre WLCU y la Fundaci\u00f3n Maronita \u2013 Restablecimiento de la ciudadan\u00eda libanesa<\/strong><\/p>\n<p><strong>Preservando el patrimonio y la ciudadan\u00eda libanesa<\/strong><\/p>\n<p>Nos enorgullece anunciar nuestra asociaci\u00f3n con la Fundaci\u00f3n Maronita en el Mundo, una organizaci\u00f3n dedicada a reconectar a la di\u00e1spora libanesa con sus ra\u00edces. La Fundaci\u00f3n desempe\u00f1a un papel clave en ayudar a los emigrantes libaneses a recuperar su nacionalidad.<\/p>\n<p>Nuestra colaboraci\u00f3n con la Fundaci\u00f3n Maronita en el Mundo se basa en una misi\u00f3n compartida: preservar el patrimonio liban\u00e9s y fortalecer los lazos entre el L\u00edbano y su di\u00e1spora global. Al trabajar juntos, empoderamos a los descendientes libaneses para que recuperen su nacionalidad y se reconecten con sus ra\u00edces. Esta cooperaci\u00f3n garantiza una comunidad libanesa pr\u00f3spera, unida y culturalmente rica en todo el mundo.<\/p>\n<p><strong>La misi\u00f3n de la Fundaci\u00f3n<\/strong><\/p>\n<ul>\n<li><strong>Readquisici\u00f3n de la ciudadan\u00eda libanesa:<\/strong> Ayudar a los descendientes libaneses a recuperar su leg\u00edtima nacionalidad.<br \/>\n\u2022 <strong>Compromiso c\u00edvico:<\/strong> Fomentar la participaci\u00f3n pol\u00edtica, cultural, econ\u00f3mica y social en el L\u00edbano.<br \/>\n\u2022 <strong>Preservaci\u00f3n del patrimonio:<\/strong> Fortalecer el v\u00ednculo entre los emigrantes libaneses y su tierra natal.<\/li>\n<\/ul>\n<p><strong>\u00bfC\u00f3mo preservar tus ra\u00edces y derechos?<\/strong><\/p>\n<p><strong>Registro de eventos vitales<\/strong><\/p>\n<p>Registrar nacimientos, matrimonios y otros eventos vitales en embajadas y consulados libaneses garantiza:<br \/>\n\u2022 Protecci\u00f3n legal de tu nacionalidad libanesa.<br \/>\n\u2022 Preservaci\u00f3n del patrimonio cultural y familiar.<br \/>\n\u2022 Reconocimiento continuo de tus derechos en el L\u00edbano.<\/p>\n<p><strong>Recuperaci\u00f3n de la nacionalidad libanesa<\/strong><\/p>\n<p>Al recuperar la nacionalidad libanesa, las personas obtienen:<br \/>\n\u2022 El derecho a votar en las elecciones libanesas.<br \/>\n\u2022 La posibilidad de poseer propiedades sin l\u00edmites en el L\u00edbano.<br \/>\n\u2022 Oportunidades de inversi\u00f3n y negocios en el pa\u00eds.<br \/>\n\u2022 Acceso a acuerdos de libre comercio entre el L\u00edbano y los pa\u00edses \u00e1rabes.<br \/>\n\u2022 Derecho a herencia y elegibilidad para servicios de administraci\u00f3n p\u00fablica.<\/p>\n<p><strong>\u00bfC\u00f3mo recuperar tu ciudadan\u00eda libanesa?<\/strong><\/p>\n<p>Seg\u00fan la Ley N.\u00ba 41, ratificada el 24 de noviembre de 2015, los descendientes libaneses pueden recuperar su nacionalidad a trav\u00e9s de un proceso sencillo y gratuito:<\/p>\n<ol>\n<li>Verificar que uno de tus ancestros masculinos estuviera registrado en el Censo de 1921-1924 o 1932 como residente o emigrante.<\/li>\n<li>Proporcionar pruebas de linaje mediante certificados de nacimiento y documentos de respaldo.<\/li>\n<li>Completar la solicitud en l\u00ednea en <a href=\"https:\/\/chatgpt.com\/c\/www.maronitefoundation.org\">www.maronitefoundation.org<\/a>.<\/li>\n<li>Recibir confirmaci\u00f3n de elegibilidad en un plazo de dos d\u00edas h\u00e1biles.<\/li>\n<\/ol>\n<p>El proceso tarda aproximadamente entre 8 y 12 meses en completarse.<\/p>\n<p><strong>Datos importantes:<\/strong><\/p>\n<ul>\n<li>La nacionalidad libanesa no afecta otras ciudadan\u00edas.<br \/>\n\u2022 No hay l\u00edmite de edad para registrar a los hijos.<br \/>\n\u2022 El L\u00edbano ya no tiene servicio militar obligatorio.<\/li>\n<\/ul>\n<p><strong>Contacta a la Fundaci\u00f3n Maronita<\/strong><\/p>\n<p>Para m\u00e1s informaci\u00f3n o asistencia con tu solicitud de ciudadan\u00eda:<br \/>\n\u2022 <strong>Sitio web:<\/strong> <a href=\"https:\/\/chatgpt.com\/c\/www.maronitefoundation.org\">www.maronitefoundation.org<\/a><br \/>\n\u2022 <strong>Correo electr\u00f3nico:<\/strong> <a href=\"mailto:info@maronitefoundation.org\">info@maronitefoundation.org<\/a><br \/>\n\u2022 <strong>Tel\u00e9fono:<\/strong> +961 1 443 999 (L\u00edbano) | +1 888 627 6866 (EE.UU., l\u00ednea gratuita)<\/p>\n<p><strong>Este servicio de la Fundaci\u00f3n Maronita est\u00e1 dedicado a todos los descendientes libaneses.<\/strong><\/p>\n<p style=\"text-align: center;\">&#8212;&#8212;&#8212;&#8212;&#8212;&#8212;&#8212;&#8212;-<\/p>\n<p id=\"Portugu\u00eas\"><strong>Parceria entre WLCU e a Funda\u00e7\u00e3o Maronita \u2013 Restabelecimento da cidadania libanesa<\/strong><\/p>\n<p><strong>Preservando o patrim\u00f4nio e a cidadania libanesa<\/strong><\/p>\n<p>Temos o orgulho de anunciar nossa parceria com a Funda\u00e7\u00e3o Maronita no Mundo, uma organiza\u00e7\u00e3o dedicada a reconectar a di\u00e1spora libanesa com suas ra\u00edzes. A Funda\u00e7\u00e3o desempenha um papel fundamental ao ajudar os emigrantes libaneses a recuperar sua nacionalidade.<\/p>\n<p>Nossa colabora\u00e7\u00e3o com a Funda\u00e7\u00e3o Maronita no Mundo \u00e9 baseada em uma miss\u00e3o compartilhada: preservar o patrim\u00f4nio liban\u00eas e fortalecer os la\u00e7os entre o L\u00edbano e sua di\u00e1spora global. Trabalhando juntos, capacitamos os descendentes libaneses a recuperar sua nacionalidade e se reconectar com suas origens. Essa parceria garante uma comunidade libanesa pr\u00f3spera, unida e culturalmente rica em todo o mundo.<\/p>\n<p><strong>A miss\u00e3o da Funda\u00e7\u00e3o<\/strong><\/p>\n<ul>\n<li><strong>Reaquisi\u00e7\u00e3o da cidadania libanesa:<\/strong> Auxiliar descendentes libaneses a recuperar sua nacionalidade leg\u00edtima.<br \/>\n\u2022 <strong>Engajamento c\u00edvico:<\/strong> Incentivar a participa\u00e7\u00e3o pol\u00edtica, cultural, econ\u00f4mica e social no L\u00edbano.<br \/>\n\u2022 <strong>Preserva\u00e7\u00e3o do patrim\u00f4nio:<\/strong> Fortalecer o v\u00ednculo entre os emigrantes libaneses e sua terra natal.<\/li>\n<\/ul>\n<p><strong>Como preservar suas ra\u00edzes e seus direitos?<\/strong><\/p>\n<p><strong>Registro de eventos vitais<\/strong><\/p>\n<p>Registrar nascimentos, casamentos e outros eventos vitais nas embaixadas e consulados libaneses garante:<br \/>\n\u2022 Prote\u00e7\u00e3o legal da sua nacionalidade libanesa.<br \/>\n\u2022 Preserva\u00e7\u00e3o do patrim\u00f4nio cultural e familiar.<br \/>\n\u2022 Reconhecimento cont\u00ednuo dos seus direitos no L\u00edbano.<\/p>\n<p><strong>Recupera\u00e7\u00e3o da nacionalidade libanesa<\/strong><\/p>\n<p>Ao recuperar a nacionalidade libanesa, os indiv\u00edduos obt\u00eam:<br \/>\n\u2022 O direito de votar nas elei\u00e7\u00f5es libanesas.<br \/>\n\u2022 A possibilidade de possuir propriedades sem restri\u00e7\u00f5es no L\u00edbano.<br \/>\n\u2022 Oportunidades de investimento e neg\u00f3cios no pa\u00eds.<br \/>\n\u2022 Acesso a acordos de livre com\u00e9rcio entre o L\u00edbano e os pa\u00edses \u00e1rabes.<br \/>\n\u2022 Direito \u00e0 heran\u00e7a e elegibilidade para servi\u00e7os da administra\u00e7\u00e3o p\u00fablica.<\/p>\n<p><strong>Como recuperar sua cidadania libanesa?<\/strong><\/p>\n<p>De acordo com a Lei n\u00ba 41, ratificada em 24 de novembro de 2015, os descendentes libaneses podem recuperar sua nacionalidade atrav\u00e9s de um processo simples e gratuito:<\/p>\n<ol>\n<li>Verificar se um de seus ancestrais masculinos estava registrado no Censo de 1921-1924 ou 1932 como residente ou emigrante.<\/li>\n<li>Fornecer prova de linhagem por meio de certid\u00f5es de nascimento e documentos de apoio.<\/li>\n<li>Preencher o requerimento online em <a href=\"https:\/\/chatgpt.com\/c\/www.maronitefoundation.org\">www.maronitefoundation.org<\/a>.<\/li>\n<li>Receber a confirma\u00e7\u00e3o de elegibilidade em at\u00e9 dois dias \u00fateis.<\/li>\n<\/ol>\n<p>O processo leva aproximadamente de 8 a 12 meses para ser conclu\u00eddo.<\/p>\n<p><strong>Fatos importantes:<\/strong><\/p>\n<ul>\n<li>A nacionalidade libanesa n\u00e3o afeta outras cidadanias.<br \/>\n\u2022 N\u00e3o h\u00e1 limite de idade para registrar filhos.<br \/>\n\u2022 O L\u00edbano n\u00e3o possui mais servi\u00e7o militar obrigat\u00f3rio.<\/li>\n<\/ul>\n<p><strong>Entre em contato com a Funda\u00e7\u00e3o Maronita<\/strong><\/p>\n<p>Para mais informa\u00e7\u00f5es ou assist\u00eancia com sua solicita\u00e7\u00e3o de cidadania:<br \/>\n\u2022 <strong>Site:<\/strong> <a href=\"https:\/\/chatgpt.com\/c\/www.maronitefoundation.org\">www.maronitefoundation.org<\/a><br \/>\n\u2022 <strong>E-mail:<\/strong> <a href=\"mailto:info@maronitefoundation.org\">info@maronitefoundation.org<\/a><br \/>\n\u2022 <strong>Telefone:<\/strong> +961 1 443 999 (L\u00edbano) | +1 888 627 6866 (EUA, liga\u00e7\u00e3o gratuita)<\/p>\n<p><strong>Este servi\u00e7o da Funda\u00e7\u00e3o Maronita \u00e9 dedicado a todos os descendentes libaneses.<\/strong><\/p>\n<p>&nbsp;<\/p>\n","protected":false},"excerpt":{"rendered":"<p>The WLCU and The Maronite foundation have entered into a partnership to restore the Lebanese citizenship to the Lebanese diaspora throughout the world. English | Espa\u00f1ol | Portugu\u00eas Preserving Lebanese Heritage and Citizenship We are proud to announce our partnership with the Maronite Foundation in the World, an organization dedicated to reconnecting the Lebanese diaspora &#8230;<\/p>\n","protected":false},"author":1,"featured_media":28274,"parent":0,"menu_order":0,"comment_status":"closed","ping_status":"closed","template":"","meta":{"ngg_post_thumbnail":0,"_mc_calendar":[],"footnotes":""},"class_list":["post-28270","page","type-page","status-publish","has-post-thumbnail","hentry"],"jetpack_sharing_enabled":true,"_links":{"self":[{"href":"https:\/\/wlcu.world\/ng\/wp-json\/wp\/v2\/pages\/28270","targetHints":{"allow":["GET"]}}],"collection":[{"href":"https:\/\/wlcu.world\/ng\/wp-json\/wp\/v2\/pages"}],"about":[{"href":"https:\/\/wlcu.world\/ng\/wp-json\/wp\/v2\/types\/page"}],"author":[{"embeddable":true,"href":"https:\/\/wlcu.world\/ng\/wp-json\/wp\/v2\/users\/1"}],"replies":[{"embeddable":true,"href":"https:\/\/wlcu.world\/ng\/wp-json\/wp\/v2\/comments?post=28270"}],"version-history":[{"count":7,"href":"https:\/\/wlcu.world\/ng\/wp-json\/wp\/v2\/pages\/28270\/revisions"}],"predecessor-version":[{"id":28285,"href":"https:\/\/wlcu.world\/ng\/wp-json\/wp\/v2\/pages\/28270\/revisions\/28285"}],"wp:featuredmedia":[{"embeddable":true,"href":"https:\/\/wlcu.world\/ng\/wp-json\/wp\/v2\/media\/28274"}],"wp:attachment":[{"href":"https:\/\/wlcu.world\/ng\/wp-json\/wp\/v2\/media?parent=28270"}],"curies":[{"name":"wp","href":"https:\/\/api.w.org\/{rel}","templated":true}]}}