{"id":29311,"date":"2025-10-04T21:28:46","date_gmt":"2025-10-05T01:28:46","guid":{"rendered":"https:\/\/wlcu.world\/ng\/?page_id=29311"},"modified":"2025-10-05T12:19:54","modified_gmt":"2025-10-05T16:19:54","slug":"lebanese-parliament-elections-2026","status":"publish","type":"page","link":"https:\/\/wlcu.world\/ng\/lebanese-parliament-elections-2026\/","title":{"rendered":"Lebanese Parliament Elections 2026"},"content":{"rendered":"<p><img loading=\"lazy\" decoding=\"async\" class=\"alignnone size-full wp-image-29313 aligncenter\" src=\"https:\/\/wlcu.world\/ng\/wp-content\/uploads\/2025\/10\/Lebanese-Parliament-Elections-2026-Landscape-50.png\" alt=\"\" width=\"384\" height=\"256\" srcset=\"https:\/\/wlcu.world\/ng\/wp-content\/uploads\/2025\/10\/Lebanese-Parliament-Elections-2026-Landscape-50.png 384w, https:\/\/wlcu.world\/ng\/wp-content\/uploads\/2025\/10\/Lebanese-Parliament-Elections-2026-Landscape-50-300x200.png 300w, https:\/\/wlcu.world\/ng\/wp-content\/uploads\/2025\/10\/Lebanese-Parliament-Elections-2026-Landscape-50-100x67.png 100w\" sizes=\"auto, (max-width: 384px) 100vw, 384px\" \/><\/p>\n<p>&nbsp;<\/p>\n<p><strong>Registration procedure for Lebanese Expatriates to secure their right to vote in the upcoming parliamentary elections<\/strong><\/p>\n<p><span class=\"x19la9d6 x1fc57z9 x6ikm8r x10wlt62 x19co3pv x1g5zs5t xfibh0p xiy17q3 x1xsqp64 x1lkfr7t xexx8yu xyri2b x18d9i69 x1c1uobl\"><span class=\"xrtxmta x1bhl96m\">\ud83d\udc49 <\/span><\/span>Watch the <a href=\"https:\/\/youtube.com\/shorts\/q43HbPJqIzA?feature=share\"><strong>awareness video<\/strong><\/a> (subtitled)&nbsp;&nbsp;<\/p>\n<p><span class=\"x19la9d6 x1fc57z9 x6ikm8r x10wlt62 x19co3pv x1g5zs5t xfibh0p xiy17q3 x1xsqp64 x1lkfr7t xexx8yu xyri2b x18d9i69 x1c1uobl\"><span class=\"xrtxmta x1bhl96m\">\ud83d\udc49 <\/span><\/span>Watch <a href=\"https:\/\/youtube.com\/shorts\/q43HbPJqIzA?feature=share\"><strong>demonstration video<\/strong><\/a>&nbsp;<\/p>\n<p>&nbsp;<\/p>\n<p><strong><em>Instructions in English &#8211; en Espa\u00f1ol &#8211; en Fran\u00e7ais &#8211; em Portugu\u00eas&nbsp; &#8211; <\/em><\/strong><strong><em>\u0628\u0627\u0644\u0639\u0631\u0628\u064a\u0629<\/em><\/strong><\/p>\n<p>&nbsp;<\/p>\n<p><strong><u>English:<\/u><\/strong><\/p>\n<p>Registration Period: From October 2, 2025, <strong>until November 20, 2025,<\/strong> at midnight Beirut time.<\/p>\n<p>Every Lebanese citizen born before 30\/05\/2005 has the right to register.<\/p>\n<p>Registration Website: <a href=\"https:\/\/diasporavote.mfa.gov.lb\">https:\/\/diasporavote.mfa.gov.lb<\/a>&nbsp;<\/p>\n<p>Steps for Online Registration:<br \/>\n1. <strong>Account Creation:<\/strong> Enter personal information (first name, last name, phone number, and email), then click on the icon \u201cI am not a robot.\u201d<br \/>\n2. <strong>Account Activation<\/strong>: The non-resident Lebanese citizen will receive an email containing a verification link, which must be clicked to activate the registration account.<br \/>\n3. <strong>Select Country of Residence<\/strong> and the Affiliated Diplomatic Mission.<br \/>\n4. <strong>Search for Your Name<\/strong> in the Electoral Lists:<br \/>\n\u2022 If choosing <strong>Arabic<\/strong>: fill in the required personal details (Governorate, District, Town, Civil Registry Number, Date of Birth). The system will then extract the name from the electoral lists.<br \/>\n\u2022 If choosing a <strong>foreign language<\/strong>: you must enter your full name in one of the following four languages: French, English, Spanish, or Portuguese.<br \/>\n5. <strong>Upload Required Documents<\/strong> (clear copies are required):<br \/>\n\u2022 First Mandatory Document<strong>: Lebanese Identity Card, Lebanese Civil Status Extract, or Lebanese Passport (valid or expired).<\/strong><br \/>\n\u2022 Second Mandatory Document: <strong>Proof of residence<\/strong> <strong>out of Lebanon<\/strong> (Residence Permit, foreign Passport, Driver\u2019s License, Utility Bill \u2013 electricity or water, Work Contract, or Lebanese Passport stamped with a residence or immigration visa).<\/p>\n<p>Note: You must accurately enter residential address, including the <strong>ZIP code<\/strong>. This information will be used to assign the polling station closest to your place of residence.<\/p>\n<p>Please spread the message to all Lebanese emigrants eligible to vote<\/p>\n<p style=\"text-align: center;\">*****<\/p>\n<p><strong><u>Procedimiento de registro para los Libaneses expatriados a fin de garantizar su derecho a votar en las pr\u00f3ximas elecciones parlamentarias.<\/u><\/strong><\/p>\n<p><strong>&nbsp;<\/strong><strong>Per\u00edodo de registro:<\/strong> del 2 de octubre de 2025 al 20 de noviembre de 2025, a medianoche, hora de Beirut.<\/p>\n<p>Todo ciudadano liban\u00e9s nacido antes del 30\/05\/2005 tiene derecho a inscribirse.<br \/>\n<strong>Sitio web de registro: <\/strong><a href=\"https:\/\/diasporavote.mfa.gov.lb\">https:\/\/diasporavote.mfa.gov.lb<\/a><\/p>\n<p><strong>Pasos para el registro en l\u00ednea:<\/strong><\/p>\n<ol>\n<li><strong>Creaci\u00f3n de cuenta:<\/strong> Ingrese la informaci\u00f3n personal (nombre, apellido, n\u00famero de tel\u00e9fono y correo electr\u00f3nico), luego haga clic en el \u00edcono \u201cNo soy un robot\u201d.<\/li>\n<li><strong>Activaci\u00f3n de cuenta:<\/strong> El ciudadano liban\u00e9s no residente recibir\u00e1 un correo electr\u00f3nico con un enlace de verificaci\u00f3n que debe hacer clic para activar su cuenta de registro.<\/li>\n<li><strong>Seleccione el pa\u00eds de residencia y la misi\u00f3n diplom\u00e1tica correspondiente.<\/strong><\/li>\n<li><strong>Busque su nombre en las listas electorales:<\/strong><br \/>\n\u2022 Si elige \u00e1rabe: complete los datos personales requeridos (gobernaci\u00f3n, distrito, ciudad, n\u00famero de registro civil, fecha de nacimiento). El sistema extraer\u00e1 el nombre de las listas electorales.<br \/>\n\u2022 Si elige un idioma extranjero: debe ingresar su nombre completo en uno de los siguientes idiomas: franc\u00e9s, ingl\u00e9s, espa\u00f1ol o portugu\u00e9s.<\/li>\n<li><strong>Cargue los documentos requeridos (las copias deben ser claras):<\/strong><br \/>\n\u2022 <strong>Primer documento obligatorio:<\/strong> tarjeta de identidad libanesa, extracto del registro civil liban\u00e9s o pasaporte liban\u00e9s (v\u00e1lido o vencido).<br \/>\n\u2022 <strong>Segundo documento obligatorio:<\/strong> prueba de residencia fuera del L\u00edbano (permiso de residencia, pasaporte extranjero, licencia de conducir, factura de servicios \u2013 electricidad o agua, contrato de trabajo o pasaporte liban\u00e9s con sello de visa de residencia o inmigraci\u00f3n).<br \/>\n<strong>Nota:<\/strong> Debe ingresar con precisi\u00f3n la direcci\u00f3n de residencia, incluido el c\u00f3digo postal. Esta informaci\u00f3n se utilizar\u00e1 para asignar el centro de votaci\u00f3n m\u00e1s cercano a su lugar de residencia.<\/li>\n<\/ol>\n<p><strong>Por favor, difunda este mensaje a todos los emigrantes libaneses elegibles para votar.<\/strong><\/p>\n<p style=\"text-align: center;\">*****<\/p>\n<p><strong><u>Proc\u00e9dure d\u2019enregistrement des Libanais expatri\u00e9s afin de garantir leur droit de vote aux prochaines \u00e9lections l\u00e9gislatives<\/u><\/strong><\/p>\n<p>Tout citoyen libanais n\u00e9 avant le 30\/05\/2005 a le droit de s\u2019inscrire.<\/p>\n<p>D\u00e9lai d\u2019inscription : Du 2 octobre 2025 jusqu\u2019au 20 novembre 2025 \u00e0 minuit (heure de Beyrouth).<\/p>\n<p>Site Internet pour l\u2019inscription : <a href=\"https:\/\/diasporavote.mfa.gov.lb\">https:\/\/diasporavote.mfa.gov.lb<\/a><\/p>\n<p>\u00c9tapes \u00e0 suivre pour l\u2019inscription en ligne :<br \/>\n1. <strong>Cr\u00e9ation du compte<\/strong> : Saisir les informations personnelles (nom, pr\u00e9nom, t\u00e9l\u00e9phone, adresse \u00e9lectronique), puis cliquer sur l\u2019ic\u00f4ne \u00ab Je ne suis pas un robot \u00bb.<br \/>\n2. <strong>Activation du compte<\/strong> : Le citoyen libanais non-r\u00e9sident recevra un courriel contenant un lien de validation sur lequel il devra cliquer pour activer son compte d\u2019inscription.<br \/>\n3. Choisir le <strong>pays de r\u00e9sidence<\/strong> et la mission diplomatique comp\u00e9tente.<br \/>\n4. <strong>Recherche du nom dans les listes \u00e9lectorales<\/strong> :<br \/>\n\u2022 Si vous choisissez la langue <strong>arabe<\/strong> : remplir les informations personnelles demand\u00e9es (mohafazat, caza, village, num\u00e9ro du registre, date de naissance). Le syst\u00e8me extraira alors le nom des listes \u00e9lectorales.<br \/>\n\u2022 Si vous choisissez une <strong>langue \u00e9trang\u00e8re<\/strong> : il faut saisir le nom complet dans l\u2019une des quatre langues suivantes : fran\u00e7ais, anglais, espagnol ou portugais.<br \/>\n5. T\u00e9l\u00e9charger les documents requis (copies claires obligatoires) :<br \/>\n\u2022 Premier document obligatoire : <strong>Carte d\u2019identit\u00e9 libanaise, extrait d\u2019\u00e9tat civil libanais, ou passeport libanais (valide ou expir\u00e9).<\/strong><br \/>\n\u2022 Deuxi\u00e8me document obligatoire : <strong>Preuve de r\u00e9sidence \u00e0 l\u2019\u00e9tranger<\/strong> (permis de s\u00e9jour, passeport \u00e9tranger, permis de conduire, facture d\u2019\u00e9lectricit\u00e9 ou d\u2019eau, contrat de travail, ou passeport libanais portant un visa de s\u00e9jour ou d\u2019immigration).<\/p>\n<p>Remarque : L\u2019adresse r\u00e9sidentielle \u00e0 l\u2019\u00e9tranger, y compris le <strong>code postal<\/strong>, doit \u00eatre saisie avec exactitude. Cette information servira \u00e0 d\u00e9terminer le bureau de vote le plus proche du lieu de r\u00e9sidence de l\u2019\u00e9lecteur.<\/p>\n<p>Merci de transmettre le message \u00e0 tous les \u00e9migr\u00e9s libanais \u00e9ligibles au vote.<\/p>\n<p style=\"text-align: center;\">*****<\/p>\n<p><strong><u>Procedimento de registro para os Libaneses expatriados garantirem seu direito de voto nas pr\u00f3ximas elei\u00e7\u00f5es parlamentares.<\/u><\/strong><\/p>\n<p>Todo cidad\u00e3o liban\u00eas nascido antes de 30\/05\/2005 tem direito a se registrar.<\/p>\n<p><strong>Per\u00edodo de Registro:<\/strong><\/p>\n<p>De <strong>2 de outubro de 2025<\/strong> at\u00e9 <strong>20 de novembro de 2025<\/strong>, \u00e0 <strong>meia-noite, hor\u00e1rio de Beirute<\/strong>.<\/p>\n<p><strong>Site de Registro: <\/strong><a href=\"https:\/\/diasporavote.mfa.gov.lb\">https:\/\/diasporavote.mfa.gov.lb<\/a><\/p>\n<p><strong>Etapas para o Registro Online:<\/strong><\/p>\n<ol>\n<li><strong>Cria\u00e7\u00e3o de Conta:<\/strong><br \/>\nInsira suas informa\u00e7\u00f5es pessoais (nome, sobrenome, n\u00famero de telefone e e-mail) e clique no \u00edcone <strong>\u201cN\u00e3o sou um rob\u00f4\u201d<\/strong>.<\/li>\n<li><strong>Ativa\u00e7\u00e3o da Conta:<\/strong><br \/>\nO cidad\u00e3o liban\u00eas n\u00e3o residente receber\u00e1 um e-mail contendo um link de verifica\u00e7\u00e3o. \u00c9 necess\u00e1rio clicar nesse link para ativar a conta de registro.<\/li>\n<li><strong>Selecione o Pa\u00eds de Resid\u00eancia e a Miss\u00e3o Diplom\u00e1tica Correspondente.<\/strong><\/li>\n<li><strong>Busque Seu Nome nas Listas Eleitorais:<\/strong><br \/>\n\u2022 Se escolher <strong>\u00e1rabe<\/strong>: preencha os dados pessoais exigidos (prov\u00edncia, distrito, cidade, n\u00famero do registro civil e data de nascimento). O sistema buscar\u00e1 automaticamente o nome nas listas eleitorais.<br \/>\n\u2022 Se escolher um <strong>idioma estrangeiro<\/strong>: insira seu nome completo em um dos seguintes idiomas \u2014 franc\u00eas, ingl\u00eas, espanhol ou portugu\u00eas.<\/li>\n<li><strong>Envie os Documentos Exigidos (as c\u00f3pias devem ser n\u00edtidas):<\/strong><br \/>\n\u2022 <strong>Primeiro Documento Obrigat\u00f3rio:<\/strong> carteira de identidade libanesa, certid\u00e3o do registro civil liban\u00eas ou passaporte liban\u00eas (v\u00e1lido ou vencido).<br \/>\n\u2022 <strong>Segundo Documento Obrigat\u00f3rio:<\/strong> comprovante de resid\u00eancia fora do L\u00edbano (autoriza\u00e7\u00e3o de resid\u00eancia, passaporte estrangeiro, carteira de motorista, conta de luz ou \u00e1gua, contrato de trabalho, ou passaporte liban\u00eas com visto de resid\u00eancia ou imigra\u00e7\u00e3o).<\/li>\n<\/ol>\n<p><strong>Observa\u00e7\u00e3o:<\/strong> insira corretamente o endere\u00e7o residencial, incluindo o <strong>CEP<\/strong>, pois essas informa\u00e7\u00f5es ser\u00e3o utilizadas para determinar o <strong>local de vota\u00e7\u00e3o mais pr\u00f3ximo<\/strong> da sua resid\u00eancia.<\/p>\n<p><strong>Por favor, compartilhe esta mensagem com todos os emigrantes libaneses aptos a votar.<\/strong><\/p>\n<p>&nbsp;<\/p>\n<p style=\"text-align: center;\">*****<\/p>\n<p dir=\"rtl\"><strong>\u0625\u062c\u0631\u0627\u0621\u0627\u062a \u062a\u0633\u062c\u064a\u0644 \u0627\u0644\u0644\u0628\u0646\u0627\u0646\u064a\u064a\u0646 \u0627\u0644\u0645\u0642\u064a\u0645\u064a\u0646 \u0641\u064a \u0628\u0644\u062f\u0627\u0646 \u0627\u0644\u0627\u063a\u062a\u0631\u0627\u0628 \u0644\u0636\u0645\u0627\u0646 \u062d\u0642\u0647\u0645 \u0641\u064a \u0627\u0644\u062a\u0635\u0648\u064a\u062a \u0641\u064a \u0627\u0644\u0627\u0646\u062a\u062e\u0627\u0628\u0627\u062a \u0627\u0644\u0646\u064a\u0627\u0628\u064a\u0629 \u0627\u0644\u0645\u0642\u0628\u0644\u0629.<\/strong><\/p>\n<p dir=\"rtl\">\u0641\u062a\u0631\u0629 \u0627\u0644\u062a\u0633\u062c\u064a\u0644: \u0645\u0646 2 \u062a\u0634\u0631\u064a\u0646 \u0627\u0644\u0623\u0648\u0644 2025 \u062d\u062a\u0649 20 \u062a\u0634\u0631\u064a\u0646 \u0627\u0644\u062b\u0627\u0646\u064a 2025 \u0639\u0646\u062f \u0645\u0646\u062a\u0635\u0641 \u0627\u0644\u0644\u064a\u0644 \u0628\u062a\u0648\u0642\u064a\u062a \u0628\u064a\u0631\u0648\u062a.<\/p>\n<p dir=\"rtl\">\u064a\u062d\u0642 \u0644\u0647 \u0627\u0644\u062a\u0633\u062c\u064a\u0644\u060c \u0643\u0644 \u0645\u0648\u0627\u0637\u0646 \u0644\u0628\u0646\u0627\u0646\u064a \u0648\u0644\u062f \u0642\u0628\u0644 30\/05\/2005<br \/>\n\u0645\u0648\u0642\u0639 \u0627\u0644\u062a\u0633\u062c\u064a\u0644:<br \/>\n<a href=\"https:\/\/diasporavote.mfa.gov.lb\">https:\/\/diasporavote.mfa.gov.lb<\/a><br \/>\n\u062e\u0637\u0648\u0627\u062a \u0627\u0644\u062a\u0633\u062c\u064a\u0644 \u0627\u0644\u0625\u0644\u0643\u062a\u0631\u0648\u0646\u064a:<br \/>\n1. \u0625\u0646\u0634\u0627\u0621 \u062d\u0633\u0627\u0628: \u0623\u062f\u062e\u0650\u0644 \u0627\u0644\u0645\u0639\u0644\u0648\u0645\u0627\u062a \u0627\u0644\u0634\u062e\u0635\u064a\u0629 (\u0627\u0644\u0627\u0633\u0645\u060c \u0627\u0644\u0634\u0647\u0631\u0629\u060c \u0631\u0642\u0645 \u0627\u0644\u0647\u0627\u062a\u0641\u060c \u0627\u0644\u0628\u0631\u064a\u062f \u0627\u0644\u0625\u0644\u0643\u062a\u0631\u0648\u0646\u064a)\u060c \u062b\u0645 \u0627\u0646\u0642\u0631 \u0639\u0644\u0649 \u0627\u0644\u0631\u0645\u0632 &#8220;\u0623\u0646\u0627 \u0644\u0633\u062a\u064f \u0631\u0648\u0628\u0648\u062a\u0627\u064b&#8221;.<br \/>\n2. \u062a\u0641\u0639\u064a\u0644 \u0627\u0644\u062d\u0633\u0627\u0628 : \u064a\u062a\u0644\u0642\u0649 \u0627\u0644\u0645\u0648\u0627\u0637\u0646 \u0627\u0644\u0644\u0628\u0646\u0627\u0646\u064a \u063a\u064a\u0631 \u0627\u0644\u0645\u0642\u064a\u0645 \u0631\u0633\u0627\u0644\u0629 \u0625\u0644\u0643\u062a\u0631\u0648\u0646\u064a\u0629 \u062a\u062d\u062a\u0648\u064a \u0639\u0644\u0649 \u0631\u0627\u0628\u0637 \u062a\u062d\u0642\u0642\u060c \u064a\u062c\u0628 \u0627\u0644\u0646\u0642\u0631 \u0639\u0644\u064a\u0647 \u0644\u062a\u0641\u0639\u064a\u0644 \u062d\u0633\u0627\u0628 \u0627\u0644\u062a\u0633\u062c\u064a\u0644.<br \/>\n3. \u0627\u062e\u062a\u064a\u0627\u0631 \u0628\u0644\u062f \u0627\u0644\u0625\u0642\u0627\u0645\u0629 \u0648\u0627\u0644\u0628\u0639\u062b\u0629 \u0627\u0644\u062f\u0628\u0644\u0648\u0645\u0627\u0633\u064a\u0629 \u0627\u0644\u062a\u0627\u0628\u0639\u0629 \u0644\u0647.<br \/>\n4. \u0627\u0644\u0628\u062d\u062b \u0639\u0646 \u0627\u0644\u0627\u0633\u0645 \u0641\u064a \u0627\u0644\u0642\u0648\u0627\u0626\u0645 \u0627\u0644\u0627\u0646\u062a\u062e\u0627\u0628\u064a\u0629:<br \/>\n\u2022 \u0639\u0646\u062f \u0627\u062e\u062a\u064a\u0627\u0631 \u0627\u0644\u0644\u063a\u0629 \u0627\u0644\u0639\u0631\u0628\u064a\u0629: \u064a\u062c\u0628 \u0645\u0644\u0621 \u0627\u0644\u062a\u0641\u0627\u0635\u064a\u0644 \u0627\u0644\u0634\u062e\u0635\u064a\u0629 \u0627\u0644\u0645\u0637\u0644\u0648\u0628\u0629 (\u0627\u0644\u0645\u062d\u0627\u0641\u0638\u0629\u060c \u0627\u0644\u0642\u0636\u0627\u0621\u060c \u0627\u0644\u0628\u0644\u062f\u0629\u060c \u0631\u0642\u0645 \u0627\u0644\u0633\u062c\u0644\u060c \u062a\u0627\u0631\u064a\u062e \u0627\u0644\u0648\u0644\u0627\u062f\u0629). \u064a\u0642\u0648\u0645 \u0627\u0644\u0646\u0638\u0627\u0645 \u0628\u0639\u062f\u0647\u0627 \u0628\u0627\u0633\u062a\u062e\u0631\u0627\u062c \u0627\u0644\u0627\u0633\u0645 \u0645\u0646 \u0627\u0644\u0642\u0648\u0627\u0626\u0645 \u0627\u0644\u0627\u0646\u062a\u062e\u0627\u0628\u064a\u0629.<br \/>\n\u2022 \u0639\u0646\u062f \u0627\u062e\u062a\u064a\u0627\u0631 \u0644\u063a\u0629 \u0623\u062c\u0646\u0628\u064a\u0629: \u064a\u062c\u0628 \u0625\u062f\u062e\u0627\u0644 \u0627\u0644\u0627\u0633\u0645 \u0627\u0644\u0643\u0627\u0645\u0644 \u0628\u0625\u062d\u062f\u0649 \u0627\u0644\u0644\u063a\u0627\u062a \u0627\u0644\u062a\u0627\u0644\u064a\u0629: \u0627\u0644\u0641\u0631\u0646\u0633\u064a\u0629\u060c \u0627\u0644\u0625\u0646\u0643\u0644\u064a\u0632\u064a\u0629\u060c \u0627\u0644\u0625\u0633\u0628\u0627\u0646\u064a\u0629\u060c \u0623\u0648 \u0627\u0644\u0628\u0631\u062a\u063a\u0627\u0644\u064a\u0629.<br \/>\n5. \u062a\u062d\u0645\u064a\u0644 \u0627\u0644\u0645\u0633\u062a\u0646\u062f\u0627\u062a \u0627\u0644\u0645\u0637\u0644\u0648\u0628\u0629 (\u064a\u062c\u0628 \u0623\u0646 \u062a\u0643\u0648\u0646 \u0627\u0644\u0646\u0633\u062e \u0648\u0627\u0636\u062d\u0629):<br \/>\n\u2022 \u0627\u0644\u0645\u0633\u062a\u0646\u062f \u0627\u0644\u0625\u0644\u0632\u0627\u0645\u064a \u0627\u0644\u0623\u0648\u0644: \u0628\u0637\u0627\u0642\u0629 \u0627\u0644\u0647\u0648\u064a\u0629 \u0627\u0644\u0644\u0628\u0646\u0627\u0646\u064a\u0629\u060c \u0623\u0648 \u0625\u062e\u0631\u0627\u062c \u0642\u064a\u062f \u0644\u0628\u0646\u0627\u0646\u064a\u060c \u0623\u0648 \u062c\u0648\u0627\u0632 \u0633\u0641\u0631 \u0644\u0628\u0646\u0627\u0646\u064a (\u0633\u0627\u0631\u064a \u0623\u0648 \u0645\u0646\u062a\u0647\u064a \u0627\u0644\u0635\u0644\u0627\u062d\u064a\u0629).<br \/>\n\u2022 \u0627\u0644\u0645\u0633\u062a\u0646\u062f \u0627\u0644\u0625\u0644\u0632\u0627\u0645\u064a \u0627\u0644\u062b\u0627\u0646\u064a: \u0625\u062b\u0628\u0627\u062a \u0627\u0644\u0625\u0642\u0627\u0645\u0629 \u062e\u0627\u0631\u062c \u0644\u0628\u0646\u0627\u0646 (\u0625\u0642\u0627\u0645\u0629\u060c \u062c\u0648\u0627\u0632 \u0633\u0641\u0631 \u0623\u062c\u0646\u0628\u064a\u060c \u0631\u062e\u0635\u0629 \u0642\u064a\u0627\u062f\u0629\u060c \u0641\u0627\u062a\u0648\u0631\u0629 \u062e\u062f\u0645\u0627\u062a \u2013 \u0643\u0647\u0631\u0628\u0627\u0621 \u0623\u0648 \u0645\u0627\u0621\u060c \u0639\u0642\u062f \u0639\u0645\u0644\u060c \u0623\u0648 \u062c\u0648\u0627\u0632 \u0633\u0641\u0631 \u0644\u0628\u0646\u0627\u0646\u064a \u0645\u062e\u062a\u0648\u0645 \u0628\u062a\u0623\u0634\u064a\u0631\u0629 \u0625\u0642\u0627\u0645\u0629 \u0623\u0648 \u0647\u062c\u0631\u0629).<br \/>\n\u0645\u0644\u0627\u062d\u0638\u0629: \u064a\u062c\u0628 \u0625\u062f\u062e\u0627\u0644 \u0639\u0646\u0648\u0627\u0646 \u0627\u0644\u0633\u0643\u0646 \u0628\u062f\u0642\u0629\u060c \u0628\u0645\u0627 \u0641\u064a \u0630\u0644\u0643 \u0627\u0644\u0631\u0645\u0632 \u0627\u0644\u0628\u0631\u064a\u062f\u064a\u060c \u062d\u064a\u062b \u062a\u064f\u0633\u062a\u062e\u062f\u0645 \u0647\u0630\u0647 \u0627\u0644\u0645\u0639\u0644\u0648\u0645\u0627\u062a \u0644\u062a\u062d\u062f\u064a\u062f \u0623\u0642\u0631\u0628 \u0645\u0631\u0643\u0632 \u0627\u0642\u062a\u0631\u0627\u0639 \u0644\u0645\u0643\u0627\u0646 \u0625\u0642\u0627\u0645\u062a\u0643.<br \/>\n\u064a\u0631\u062c\u0649 \u062a\u0639\u0645\u064a\u0645 \u0627\u0644\u0631\u0633\u0627\u0644\u0629 \u0639\u0644\u0649 \u062c\u0645\u064a\u0639 \u0627\u0644\u0644\u0628\u0646\u0627\u0646\u064a\u064a\u0646 \u0627\u0644\u0645\u063a\u062a\u0631\u0628\u064a\u0646 \u0627\u0644\u0645\u0624\u0647\u0644\u064a\u0646 \u0644\u0644\u062a\u0635\u0648\u064a\u062a.<\/p>\n","protected":false},"excerpt":{"rendered":"<p>&nbsp; Registration procedure for Lebanese Expatriates to secure their right to vote in the upcoming parliamentary elections \ud83d\udc49 Watch the awareness video (subtitled)&nbsp;&nbsp; \ud83d\udc49 Watch demonstration video&nbsp; &nbsp; Instructions in English &#8211; en Espa\u00f1ol &#8211; en Fran\u00e7ais &#8211; em Portugu\u00eas&nbsp; &#8211; \u0628\u0627\u0644\u0639\u0631\u0628\u064a\u0629 &nbsp; English: Registration Period: From October 2, 2025, until November 20, 2025, at &#8230;<\/p>\n","protected":false},"author":1,"featured_media":29315,"parent":0,"menu_order":0,"comment_status":"closed","ping_status":"closed","template":"","meta":{"ngg_post_thumbnail":0,"_mc_calendar":[],"footnotes":""},"class_list":["post-29311","page","type-page","status-publish","has-post-thumbnail","hentry"],"jetpack_sharing_enabled":true,"_links":{"self":[{"href":"https:\/\/wlcu.world\/ng\/wp-json\/wp\/v2\/pages\/29311","targetHints":{"allow":["GET"]}}],"collection":[{"href":"https:\/\/wlcu.world\/ng\/wp-json\/wp\/v2\/pages"}],"about":[{"href":"https:\/\/wlcu.world\/ng\/wp-json\/wp\/v2\/types\/page"}],"author":[{"embeddable":true,"href":"https:\/\/wlcu.world\/ng\/wp-json\/wp\/v2\/users\/1"}],"replies":[{"embeddable":true,"href":"https:\/\/wlcu.world\/ng\/wp-json\/wp\/v2\/comments?post=29311"}],"version-history":[{"count":7,"href":"https:\/\/wlcu.world\/ng\/wp-json\/wp\/v2\/pages\/29311\/revisions"}],"predecessor-version":[{"id":29322,"href":"https:\/\/wlcu.world\/ng\/wp-json\/wp\/v2\/pages\/29311\/revisions\/29322"}],"wp:featuredmedia":[{"embeddable":true,"href":"https:\/\/wlcu.world\/ng\/wp-json\/wp\/v2\/media\/29315"}],"wp:attachment":[{"href":"https:\/\/wlcu.world\/ng\/wp-json\/wp\/v2\/media?parent=29311"}],"curies":[{"name":"wp","href":"https:\/\/api.w.org\/{rel}","templated":true}]}}